{"id":7014,"date":"2020-09-27T20:56:47","date_gmt":"2020-09-27T23:56:47","guid":{"rendered":"https:\/\/www.soqueriaterum.com.br\/supply\/?post_type=product&#038;p=7014"},"modified":"2023-08-29T09:18:40","modified_gmt":"2023-08-29T12:18:40","slug":"harness-boot","status":"publish","type":"product","link":"https:\/\/www.soqueriaterum.com.br\/supply\/produto\/harness-boot\/","title":{"rendered":"Bota Harness Boot Preta S\u00f3 Queria Ter Um"},"content":{"rendered":"<p>A Harness Boot S\u00f3 Queria Ter Um fecha o primeiro ciclo de botas desenvolvidas para a marca. Assim como a Engineer Boot, ela foi inspirada na era de ouro da cultura do motociclismo custom. A inspira\u00e7\u00e3o do modelo veio desta foto, uma das poucas imagens antigas do <strong>Galloping Goose Motorcycle Club<\/strong>, o clube que se encrencou com o <strong>Boose Fighters Motorcycle Club<\/strong> em Hollister, CA em 1947. Esse evento entrou para hist\u00f3ria, criou o esteri\u00f3tipo do motociclista &#8220;bad boy&#8221; inspirou o filme &#8220;The Wild One&#8221;, com Marlon Brando.<\/p>\n<p>A foto abaixo foi tirada em 1972:<\/p>\n<div id=\"attachment_7040\" style=\"width: 640px\" class=\"wp-caption alignnone\"><img decoding=\"async\" aria-describedby=\"caption-attachment-7040\" class=\"wp-image-7040 size-full lazyload\" src=\"data:image\/gif;base64,R0lGODlhAQABAIAAAAAAAP\/\/\/yH5BAEAAAAALAAAAAABAAEAAAIBRAA7\" data-src=\"https:\/\/www.soqueriaterum.com.br\/supply\/wp-content\/uploads\/2020\/09\/4ec1a483437885a79ecbb0a8599f62a7.jpg\" alt=\"\" width=\"630\" height=\"720\" data-srcset=\"https:\/\/www.soqueriaterum.com.br\/supply\/wp-content\/uploads\/2020\/09\/4ec1a483437885a79ecbb0a8599f62a7.jpg 630w, https:\/\/www.soqueriaterum.com.br\/supply\/wp-content\/uploads\/2020\/09\/4ec1a483437885a79ecbb0a8599f62a7-600x686.jpg 600w, https:\/\/www.soqueriaterum.com.br\/supply\/wp-content\/uploads\/2020\/09\/4ec1a483437885a79ecbb0a8599f62a7-263x300.jpg 263w\" sizes=\"(max-width: 630px) 100vw, 630px\" \/><noscript><img decoding=\"async\" aria-describedby=\"caption-attachment-7040\" class=\"wp-image-7040 size-full lazyload\" src=\"https:\/\/www.soqueriaterum.com.br\/supply\/wp-content\/uploads\/2020\/09\/4ec1a483437885a79ecbb0a8599f62a7.jpg\" alt=\"\" width=\"630\" height=\"720\" srcset=\"https:\/\/www.soqueriaterum.com.br\/supply\/wp-content\/uploads\/2020\/09\/4ec1a483437885a79ecbb0a8599f62a7.jpg 630w, https:\/\/www.soqueriaterum.com.br\/supply\/wp-content\/uploads\/2020\/09\/4ec1a483437885a79ecbb0a8599f62a7-600x686.jpg 600w, https:\/\/www.soqueriaterum.com.br\/supply\/wp-content\/uploads\/2020\/09\/4ec1a483437885a79ecbb0a8599f62a7-263x300.jpg 263w\" sizes=\"(max-width: 630px) 100vw, 630px\" \/><\/noscript><p id=\"caption-attachment-7040\" class=\"wp-caption-text\">Galloping Goose Motorcycle Club<\/p><\/div>\n<p>Em todas as fotos que encontro do Boose Fighters Motorcycle Club, a fac\u00e7\u00e3o neste conflito, os rapazes est\u00e3o cal\u00e7ando Engineer Boots. Ent\u00e3o, nada mais justo do que representar ambos os lados lan\u00e7ando a Harness, mesmo que seja um futuro integrante Galloping Goose Motorcycle Club cal\u00e7ando a Harness.<\/p>\n<p><img decoding=\"async\" class=\"alignnone wp-image-7041 size-full lazyload\" src=\"data:image\/gif;base64,R0lGODlhAQABAIAAAAAAAP\/\/\/yH5BAEAAAAALAAAAAABAAEAAAIBRAA7\" data-src=\"https:\/\/www.soqueriaterum.com.br\/supply\/wp-content\/uploads\/2020\/09\/48811381128_4f83807d25_b.jpg\" alt=\"\" width=\"1024\" height=\"813\" data-srcset=\"https:\/\/www.soqueriaterum.com.br\/supply\/wp-content\/uploads\/2020\/09\/48811381128_4f83807d25_b.jpg 1024w, https:\/\/www.soqueriaterum.com.br\/supply\/wp-content\/uploads\/2020\/09\/48811381128_4f83807d25_b-600x476.jpg 600w, https:\/\/www.soqueriaterum.com.br\/supply\/wp-content\/uploads\/2020\/09\/48811381128_4f83807d25_b-300x238.jpg 300w, https:\/\/www.soqueriaterum.com.br\/supply\/wp-content\/uploads\/2020\/09\/48811381128_4f83807d25_b-768x610.jpg 768w\" sizes=\"(max-width: 1024px) 100vw, 1024px\" \/><noscript><img decoding=\"async\" class=\"alignnone wp-image-7041 size-full lazyload\" src=\"https:\/\/www.soqueriaterum.com.br\/supply\/wp-content\/uploads\/2020\/09\/48811381128_4f83807d25_b.jpg\" alt=\"\" width=\"1024\" height=\"813\" srcset=\"https:\/\/www.soqueriaterum.com.br\/supply\/wp-content\/uploads\/2020\/09\/48811381128_4f83807d25_b.jpg 1024w, https:\/\/www.soqueriaterum.com.br\/supply\/wp-content\/uploads\/2020\/09\/48811381128_4f83807d25_b-600x476.jpg 600w, https:\/\/www.soqueriaterum.com.br\/supply\/wp-content\/uploads\/2020\/09\/48811381128_4f83807d25_b-300x238.jpg 300w, https:\/\/www.soqueriaterum.com.br\/supply\/wp-content\/uploads\/2020\/09\/48811381128_4f83807d25_b-768x610.jpg 768w\" sizes=\"(max-width: 1024px) 100vw, 1024px\" \/><\/noscript><\/p>\n<p>A\u00a0Harness Boot ganhou este apelido por causa das al\u00e7as de couro com o anel de metal na lateral. O detalhe lembra um arn\u00eas (arreio), que em ingl\u00eas se chama &#8220;harness&#8221;.<\/p>\n<p>Este tipo de bota foi originalmente modelado a partir das botas de montaria prevalentes no s\u00e9culo 19, incluindo as que foram usadas durante a Guerra Civil dos Estados Unidos. As al\u00e7as e an\u00e9is de couro s\u00e3o detalhes est\u00e9ticos e a marca americana Frye \u00e9 conhecida por ter inventado a bota na d\u00e9cada de 1960.<\/p>\n<p><img decoding=\"async\" class=\"alignnone wp-image-7038 size-full lazyload\" src=\"data:image\/gif;base64,R0lGODlhAQABAIAAAAAAAP\/\/\/yH5BAEAAAAALAAAAAABAAEAAAIBRAA7\" data-src=\"https:\/\/www.soqueriaterum.com.br\/supply\/wp-content\/uploads\/2020\/09\/Screen-Shot-2020-09-28-at-9.01.14-PM.png\" alt=\"\" width=\"813\" height=\"594\" data-srcset=\"https:\/\/www.soqueriaterum.com.br\/supply\/wp-content\/uploads\/2020\/09\/Screen-Shot-2020-09-28-at-9.01.14-PM.png 813w, https:\/\/www.soqueriaterum.com.br\/supply\/wp-content\/uploads\/2020\/09\/Screen-Shot-2020-09-28-at-9.01.14-PM-600x438.png 600w, https:\/\/www.soqueriaterum.com.br\/supply\/wp-content\/uploads\/2020\/09\/Screen-Shot-2020-09-28-at-9.01.14-PM-300x219.png 300w, https:\/\/www.soqueriaterum.com.br\/supply\/wp-content\/uploads\/2020\/09\/Screen-Shot-2020-09-28-at-9.01.14-PM-768x561.png 768w\" sizes=\"(max-width: 813px) 100vw, 813px\" \/><noscript><img decoding=\"async\" class=\"alignnone wp-image-7038 size-full lazyload\" src=\"https:\/\/www.soqueriaterum.com.br\/supply\/wp-content\/uploads\/2020\/09\/Screen-Shot-2020-09-28-at-9.01.14-PM.png\" alt=\"\" width=\"813\" height=\"594\" srcset=\"https:\/\/www.soqueriaterum.com.br\/supply\/wp-content\/uploads\/2020\/09\/Screen-Shot-2020-09-28-at-9.01.14-PM.png 813w, https:\/\/www.soqueriaterum.com.br\/supply\/wp-content\/uploads\/2020\/09\/Screen-Shot-2020-09-28-at-9.01.14-PM-600x438.png 600w, https:\/\/www.soqueriaterum.com.br\/supply\/wp-content\/uploads\/2020\/09\/Screen-Shot-2020-09-28-at-9.01.14-PM-300x219.png 300w, https:\/\/www.soqueriaterum.com.br\/supply\/wp-content\/uploads\/2020\/09\/Screen-Shot-2020-09-28-at-9.01.14-PM-768x561.png 768w\" sizes=\"(max-width: 813px) 100vw, 813px\" \/><\/noscript><\/p>\n<p>Essa bota tamb\u00e9m costuma ser chamada de &#8220;Easy Rider&#8221;, apesar de eu n\u00e3o entender o por que do apelido em homenagem a um filme onde nenhum dos personagens principais cal\u00e7a a bota. Ela est\u00e1 muito ligada ao motociclismo apesar de n\u00e3o ser t\u00e3o popular\u00a0 quando a Engineer. Tenho muita dificuldade em encontrar fotos dos anos 50\/60\/70 onde aparecem. Talvez, o primeiro p\u00fablico alvo tenha sido os cowboys, e a bota passou para os &#8220;cavalos de a\u00e7o&#8221; nos anos 40\/50 junto com outros acess\u00f3rios. Pode n\u00e3o ter pegado tanto quando a Engineer e outros modelos, e o que a marca Frye fez nos anos 60 foi &#8220;reviver&#8221; o estilo.<\/p>\n<h2><img decoding=\"async\" class=\"alignnone wp-image-7039 size-large lazyload\" src=\"data:image\/gif;base64,R0lGODlhAQABAIAAAAAAAP\/\/\/yH5BAEAAAAALAAAAAABAAEAAAIBRAA7\" data-src=\"https:\/\/www.soqueriaterum.com.br\/supply\/wp-content\/uploads\/2020\/09\/s-l1600-892x1024.jpg\" alt=\"\" width=\"892\" height=\"1024\" data-srcset=\"https:\/\/www.soqueriaterum.com.br\/supply\/wp-content\/uploads\/2020\/09\/s-l1600-892x1024.jpg 892w, https:\/\/www.soqueriaterum.com.br\/supply\/wp-content\/uploads\/2020\/09\/s-l1600-600x689.jpg 600w, https:\/\/www.soqueriaterum.com.br\/supply\/wp-content\/uploads\/2020\/09\/s-l1600-261x300.jpg 261w, https:\/\/www.soqueriaterum.com.br\/supply\/wp-content\/uploads\/2020\/09\/s-l1600-768x881.jpg 768w, https:\/\/www.soqueriaterum.com.br\/supply\/wp-content\/uploads\/2020\/09\/s-l1600-1338x1536.jpg 1338w, https:\/\/www.soqueriaterum.com.br\/supply\/wp-content\/uploads\/2020\/09\/s-l1600.jpg 1394w\" sizes=\"(max-width: 892px) 100vw, 892px\" \/><noscript><img decoding=\"async\" class=\"alignnone wp-image-7039 size-large lazyload\" src=\"https:\/\/www.soqueriaterum.com.br\/supply\/wp-content\/uploads\/2020\/09\/s-l1600-892x1024.jpg\" alt=\"\" width=\"892\" height=\"1024\" srcset=\"https:\/\/www.soqueriaterum.com.br\/supply\/wp-content\/uploads\/2020\/09\/s-l1600-892x1024.jpg 892w, https:\/\/www.soqueriaterum.com.br\/supply\/wp-content\/uploads\/2020\/09\/s-l1600-600x689.jpg 600w, https:\/\/www.soqueriaterum.com.br\/supply\/wp-content\/uploads\/2020\/09\/s-l1600-261x300.jpg 261w, https:\/\/www.soqueriaterum.com.br\/supply\/wp-content\/uploads\/2020\/09\/s-l1600-768x881.jpg 768w, https:\/\/www.soqueriaterum.com.br\/supply\/wp-content\/uploads\/2020\/09\/s-l1600-1338x1536.jpg 1338w, https:\/\/www.soqueriaterum.com.br\/supply\/wp-content\/uploads\/2020\/09\/s-l1600.jpg 1394w\" sizes=\"(max-width: 892px) 100vw, 892px\" \/><\/noscript><\/h2>\n<p>Espero que voc\u00ea curta essa nova adi\u00e7\u00e3o a fam\u00edlia de botas cl\u00e1ssicas S\u00f3 Queria Ter Um, inspirada pelos anos de ouro do workwear.<\/p>\n","protected":false},"excerpt":{"rendered":"<p><strong>PRAZO PARA FABRICA\u00c7\u00c3O: 30 DIAS<\/strong><\/p>\n<p>NUMERA\u00c7\u00c3O NORMAL. NA D\u00daVIDA, CONSULTE A TABELA DE MEDIDAS<\/p>\n<ul>\n<li><strong>Constru\u00e7\u00e3o ponteada<\/strong>;\n<ul>\n<li>A vira de couro \u00e9 pregada \u00e0 m\u00e3o ao cabedal e palmilha de montagem<br \/>\nA sola de couro \u00e9 costurada na vira (a costura dupla na vira \u00e9 real)<\/li>\n<li>Solado de borracha \u00e9 colado na sola de couro<\/li>\n<\/ul>\n<\/li>\n<li>Cabedal em couro full grain 20 linhas preto<\/li>\n<li>Forrada em couro<\/li>\n<li>Vira de couro<\/li>\n<li>Salto de couro com borracha<\/li>\n<li>Palmilha de montagem de couro, com meia palmilha acolchoada no calcanhar;<\/li>\n<li>Alma de a\u00e7o para suporte;<\/li>\n<\/ul>\n<p><strong>Aten\u00e7\u00e3o:<\/strong><\/p>\n<p>O couro \u00e9 um material natural e pode apresentar arranh\u00f5es, marcas e varia\u00e7\u00f5es de tons que n\u00e3o s\u00e3o considerados defeitos do material, mas sim caracter\u00edsticas naturais da pele do animal, isto \u00e9 o que os diferenciam dos materiais sint\u00e9ticos. Cada pe\u00e7a \u00e9 \u00fanica! E voc\u00ea ajudar\u00e1 a contar sua hist\u00f3ria.<\/p>\n","protected":false},"featured_media":7022,"comment_status":"open","ping_status":"closed","template":"","meta":{"neve_meta_sidebar":"","neve_meta_container":"","neve_meta_enable_content_width":"off","neve_meta_content_width":70,"neve_meta_title_alignment":"","neve_meta_author_avatar":"","neve_post_elements_order":"","neve_meta_disable_header":"","neve_meta_disable_footer":"","neve_meta_disable_title":"","neve_meta_reading_time":""},"pwb-brand":[97],"product_cat":[208,209,41],"product_tag":[],"class_list":["post-7014","product","type-product","status-publish","has-post-thumbnail","hentry","pwb-brand-soqueria-ter-um","product_cat-engineer-boots","product_cat-harness-boots","product_cat-botas","product_shipping_class-engineer-boots"],"yoast_head":"<!-- This site is optimized with the Yoast SEO plugin v20.7 - https:\/\/yoast.com\/wordpress\/plugins\/seo\/ -->\n<title>Bota Harness Boot Preta S\u00f3 Queria Ter Um - Compre Online<\/title>\n<meta name=\"description\" content=\"A\u00a0bota Harness Boot ganhou este apelido por causa das al\u00e7as de couro com o anel de metal na lateral. O detalhe lembra um arn\u00eas (arreio), que em ingl\u00eas se chama &quot;harness&quot;.\" \/>\n<meta name=\"robots\" content=\"index, follow, max-snippet:-1, max-image-preview:large, max-video-preview:-1\" \/>\n<link rel=\"canonical\" href=\"https:\/\/www.soqueriaterum.com.br\/supply\/produto\/harness-boot\/\" \/>\n<meta property=\"og:locale\" content=\"pt_BR\" \/>\n<meta property=\"og:type\" content=\"article\" \/>\n<meta property=\"og:title\" content=\"Bota Harness Boot Preta S\u00f3 Queria Ter Um - Compre Online\" \/>\n<meta property=\"og:description\" content=\"A\u00a0bota Harness Boot ganhou este apelido por causa das al\u00e7as de couro com o anel de metal na lateral. O detalhe lembra um arn\u00eas (arreio), que em ingl\u00eas se chama &quot;harness&quot;.\" \/>\n<meta property=\"og:url\" content=\"https:\/\/www.soqueriaterum.com.br\/supply\/produto\/harness-boot\/\" \/>\n<meta property=\"og:site_name\" content=\"S\u00f3 Queria Ter Um - Uma Loja Para Quem Gosta de Botas\" \/>\n<meta property=\"article:publisher\" content=\"https:\/\/www.facebook.com\/SoQueriaTerUm\" \/>\n<meta property=\"article:modified_time\" content=\"2023-08-29T12:18:40+00:00\" \/>\n<meta property=\"og:image\" content=\"https:\/\/www.soqueriaterum.com.br\/supply\/wp-content\/uploads\/2020\/09\/harness-boot-preta-1.jpg\" \/>\n\t<meta property=\"og:image:width\" content=\"1500\" \/>\n\t<meta property=\"og:image:height\" content=\"1500\" \/>\n\t<meta property=\"og:image:type\" content=\"image\/jpeg\" \/>\n<meta name=\"twitter:card\" content=\"summary_large_image\" \/>\n<meta name=\"twitter:label1\" content=\"Est. tempo de leitura\" \/>\n\t<meta name=\"twitter:data1\" content=\"3 minutos\" \/>\n<script type=\"application\/ld+json\" class=\"yoast-schema-graph\">{\"@context\":\"https:\/\/schema.org\",\"@graph\":[{\"@type\":\"WebPage\",\"@id\":\"https:\/\/www.soqueriaterum.com.br\/supply\/produto\/harness-boot\/\",\"url\":\"https:\/\/www.soqueriaterum.com.br\/supply\/produto\/harness-boot\/\",\"name\":\"Bota Harness Boot Preta S\u00f3 Queria Ter Um - Compre Online\",\"isPartOf\":{\"@id\":\"https:\/\/www.soqueriaterum.com.br\/supply\/#website\"},\"datePublished\":\"2020-09-27T23:56:47+00:00\",\"dateModified\":\"2023-08-29T12:18:40+00:00\",\"description\":\"A\u00a0bota Harness Boot ganhou este apelido por causa das al\u00e7as de couro com o anel de metal na lateral. O detalhe lembra um arn\u00eas (arreio), que em ingl\u00eas se chama \\\"harness\\\".\",\"breadcrumb\":{\"@id\":\"https:\/\/www.soqueriaterum.com.br\/supply\/produto\/harness-boot\/#breadcrumb\"},\"inLanguage\":\"pt-BR\",\"potentialAction\":[{\"@type\":\"ReadAction\",\"target\":[\"https:\/\/www.soqueriaterum.com.br\/supply\/produto\/harness-boot\/\"]}]},{\"@type\":\"BreadcrumbList\",\"@id\":\"https:\/\/www.soqueriaterum.com.br\/supply\/produto\/harness-boot\/#breadcrumb\",\"itemListElement\":[{\"@type\":\"ListItem\",\"position\":1,\"name\":\"In\u00edcio\",\"item\":\"https:\/\/www.soqueriaterum.com.br\/supply\/\"},{\"@type\":\"ListItem\",\"position\":2,\"name\":\"Loja\",\"item\":\"https:\/\/www.soqueriaterum.com.br\/supply\/loja\/\"},{\"@type\":\"ListItem\",\"position\":3,\"name\":\"Bota Harness Boot Preta S\u00f3 Queria Ter Um\"}]},{\"@type\":\"WebSite\",\"@id\":\"https:\/\/www.soqueriaterum.com.br\/supply\/#website\",\"url\":\"https:\/\/www.soqueriaterum.com.br\/supply\/\",\"name\":\"S\u00f3 Queria Ter Um - Uma Loja Para Quem Gosta de Botas\",\"description\":\"\",\"publisher\":{\"@id\":\"https:\/\/www.soqueriaterum.com.br\/supply\/#organization\"},\"potentialAction\":[{\"@type\":\"SearchAction\",\"target\":{\"@type\":\"EntryPoint\",\"urlTemplate\":\"https:\/\/www.soqueriaterum.com.br\/supply\/?s={search_term_string}\"},\"query-input\":\"required name=search_term_string\"}],\"inLanguage\":\"pt-BR\"},{\"@type\":\"Organization\",\"@id\":\"https:\/\/www.soqueriaterum.com.br\/supply\/#organization\",\"name\":\"S\u00f3 Queria Ter Um\",\"url\":\"https:\/\/www.soqueriaterum.com.br\/supply\/\",\"logo\":{\"@type\":\"ImageObject\",\"inLanguage\":\"pt-BR\",\"@id\":\"https:\/\/www.soqueriaterum.com.br\/supply\/#\/schema\/logo\/image\/\",\"url\":\"https:\/\/www.soqueriaterum.com.br\/supply\/wp-content\/uploads\/2017\/11\/logo_so_queria-09.png\",\"contentUrl\":\"https:\/\/www.soqueriaterum.com.br\/supply\/wp-content\/uploads\/2017\/11\/logo_so_queria-09.png\",\"width\":1600,\"height\":800,\"caption\":\"S\u00f3 Queria Ter Um\"},\"image\":{\"@id\":\"https:\/\/www.soqueriaterum.com.br\/supply\/#\/schema\/logo\/image\/\"},\"sameAs\":[\"https:\/\/www.facebook.com\/SoQueriaTerUm\",\"https:\/\/www.instagram.com\/soqueriaterum\/\",\"https:\/\/www.youtube.com\/channel\/UCZYvC5XwMWcTUGCyvXLLb2A\"]}]}<\/script>\n<!-- \/ Yoast SEO plugin. -->","yoast_head_json":{"title":"Bota Harness Boot Preta S\u00f3 Queria Ter Um - Compre Online","description":"A\u00a0bota Harness Boot ganhou este apelido por causa das al\u00e7as de couro com o anel de metal na lateral. O detalhe lembra um arn\u00eas (arreio), que em ingl\u00eas se chama \"harness\".","robots":{"index":"index","follow":"follow","max-snippet":"max-snippet:-1","max-image-preview":"max-image-preview:large","max-video-preview":"max-video-preview:-1"},"canonical":"https:\/\/www.soqueriaterum.com.br\/supply\/produto\/harness-boot\/","og_locale":"pt_BR","og_type":"article","og_title":"Bota Harness Boot Preta S\u00f3 Queria Ter Um - Compre Online","og_description":"A\u00a0bota Harness Boot ganhou este apelido por causa das al\u00e7as de couro com o anel de metal na lateral. O detalhe lembra um arn\u00eas (arreio), que em ingl\u00eas se chama \"harness\".","og_url":"https:\/\/www.soqueriaterum.com.br\/supply\/produto\/harness-boot\/","og_site_name":"S\u00f3 Queria Ter Um - Uma Loja Para Quem Gosta de Botas","article_publisher":"https:\/\/www.facebook.com\/SoQueriaTerUm","article_modified_time":"2023-08-29T12:18:40+00:00","og_image":[{"width":1500,"height":1500,"url":"https:\/\/www.soqueriaterum.com.br\/supply\/wp-content\/uploads\/2020\/09\/harness-boot-preta-1.jpg","type":"image\/jpeg"}],"twitter_card":"summary_large_image","twitter_misc":{"Est. tempo de leitura":"3 minutos"},"schema":{"@context":"https:\/\/schema.org","@graph":[{"@type":"WebPage","@id":"https:\/\/www.soqueriaterum.com.br\/supply\/produto\/harness-boot\/","url":"https:\/\/www.soqueriaterum.com.br\/supply\/produto\/harness-boot\/","name":"Bota Harness Boot Preta S\u00f3 Queria Ter Um - Compre Online","isPartOf":{"@id":"https:\/\/www.soqueriaterum.com.br\/supply\/#website"},"datePublished":"2020-09-27T23:56:47+00:00","dateModified":"2023-08-29T12:18:40+00:00","description":"A\u00a0bota Harness Boot ganhou este apelido por causa das al\u00e7as de couro com o anel de metal na lateral. O detalhe lembra um arn\u00eas (arreio), que em ingl\u00eas se chama \"harness\".","breadcrumb":{"@id":"https:\/\/www.soqueriaterum.com.br\/supply\/produto\/harness-boot\/#breadcrumb"},"inLanguage":"pt-BR","potentialAction":[{"@type":"ReadAction","target":["https:\/\/www.soqueriaterum.com.br\/supply\/produto\/harness-boot\/"]}]},{"@type":"BreadcrumbList","@id":"https:\/\/www.soqueriaterum.com.br\/supply\/produto\/harness-boot\/#breadcrumb","itemListElement":[{"@type":"ListItem","position":1,"name":"In\u00edcio","item":"https:\/\/www.soqueriaterum.com.br\/supply\/"},{"@type":"ListItem","position":2,"name":"Loja","item":"https:\/\/www.soqueriaterum.com.br\/supply\/loja\/"},{"@type":"ListItem","position":3,"name":"Bota Harness Boot Preta S\u00f3 Queria Ter Um"}]},{"@type":"WebSite","@id":"https:\/\/www.soqueriaterum.com.br\/supply\/#website","url":"https:\/\/www.soqueriaterum.com.br\/supply\/","name":"S\u00f3 Queria Ter Um - Uma Loja Para Quem Gosta de Botas","description":"","publisher":{"@id":"https:\/\/www.soqueriaterum.com.br\/supply\/#organization"},"potentialAction":[{"@type":"SearchAction","target":{"@type":"EntryPoint","urlTemplate":"https:\/\/www.soqueriaterum.com.br\/supply\/?s={search_term_string}"},"query-input":"required name=search_term_string"}],"inLanguage":"pt-BR"},{"@type":"Organization","@id":"https:\/\/www.soqueriaterum.com.br\/supply\/#organization","name":"S\u00f3 Queria Ter Um","url":"https:\/\/www.soqueriaterum.com.br\/supply\/","logo":{"@type":"ImageObject","inLanguage":"pt-BR","@id":"https:\/\/www.soqueriaterum.com.br\/supply\/#\/schema\/logo\/image\/","url":"https:\/\/www.soqueriaterum.com.br\/supply\/wp-content\/uploads\/2017\/11\/logo_so_queria-09.png","contentUrl":"https:\/\/www.soqueriaterum.com.br\/supply\/wp-content\/uploads\/2017\/11\/logo_so_queria-09.png","width":1600,"height":800,"caption":"S\u00f3 Queria Ter Um"},"image":{"@id":"https:\/\/www.soqueriaterum.com.br\/supply\/#\/schema\/logo\/image\/"},"sameAs":["https:\/\/www.facebook.com\/SoQueriaTerUm","https:\/\/www.instagram.com\/soqueriaterum\/","https:\/\/www.youtube.com\/channel\/UCZYvC5XwMWcTUGCyvXLLb2A"]}]}},"brands":[{"id":97,"name":"S\u00f3 Queria Ter Um","slug":"soqueria-ter-um"}],"_links":{"self":[{"href":"https:\/\/www.soqueriaterum.com.br\/supply\/wp-json\/wp\/v2\/product\/7014"}],"collection":[{"href":"https:\/\/www.soqueriaterum.com.br\/supply\/wp-json\/wp\/v2\/product"}],"about":[{"href":"https:\/\/www.soqueriaterum.com.br\/supply\/wp-json\/wp\/v2\/types\/product"}],"replies":[{"embeddable":true,"href":"https:\/\/www.soqueriaterum.com.br\/supply\/wp-json\/wp\/v2\/comments?post=7014"}],"wp:featuredmedia":[{"embeddable":true,"href":"https:\/\/www.soqueriaterum.com.br\/supply\/wp-json\/wp\/v2\/media\/7022"}],"wp:attachment":[{"href":"https:\/\/www.soqueriaterum.com.br\/supply\/wp-json\/wp\/v2\/media?parent=7014"}],"wp:term":[{"taxonomy":"pwb-brand","embeddable":true,"href":"https:\/\/www.soqueriaterum.com.br\/supply\/wp-json\/wp\/v2\/pwb-brand?post=7014"},{"taxonomy":"product_cat","embeddable":true,"href":"https:\/\/www.soqueriaterum.com.br\/supply\/wp-json\/wp\/v2\/product_cat?post=7014"},{"taxonomy":"product_tag","embeddable":true,"href":"https:\/\/www.soqueriaterum.com.br\/supply\/wp-json\/wp\/v2\/product_tag?post=7014"}],"curies":[{"name":"wp","href":"https:\/\/api.w.org\/{rel}","templated":true}]}}